{"id":15,"date":"2016-09-05T10:09:35","date_gmt":"2016-09-05T09:09:35","guid":{"rendered":"http:\/\/www.programme-pepites.fr\/?page_id=15"},"modified":"2023-04-12T15:03:57","modified_gmt":"2023-04-12T14:03:57","slug":"lequipe-pepites","status":"publish","type":"page","link":"https:\/\/www.programme-pepites.fr\/index.php\/lequipe-pepites\/","title":{"rendered":"L&#8217;\u00e9quipe P\u00e9pites"},"content":{"rendered":"<div class=\"fusion-fullwidth fullwidth-box fusion-builder-row-1 nonhundred-percent-fullwidth non-hundred-percent-height-scrolling\" style=\"background-color: rgba(255,255,255,0);background-position: left top;background-repeat: no-repeat;padding-top:20px;padding-right:0px;padding-bottom:20px;padding-left:0px;margin-bottom: 0px;margin-top: 0px;border-width: 0px 0px 0px 0px;border-color:#eae9e9;border-style:solid;\" ><div class=\"fusion-builder-row fusion-row\"><div class=\"fusion-layout-column fusion_builder_column fusion-builder-column-0 fusion_builder_column_1_2 1_2 fusion-one-half fusion-column-first\" style=\"width:48%; margin-right: 4%;margin-top:0px;margin-bottom:0px;\"><div class=\"fusion-column-wrapper fusion-flex-column-wrapper-legacy\" style=\"background-image: url(&#039;https:\/\/www.programme-pepites.fr\/wp-content\/uploads\/2023\/04\/BD_DSC1288-600x400.jpg&#039;);background-position:center center;background-repeat:no-repeat;-webkit-background-size:cover;-moz-background-size:cover;-o-background-size:cover;background-size:cover;padding: 40px 40px 40px 40px;\" data-bg-url=\"https:\/\/www.programme-pepites.fr\/wp-content\/uploads\/2023\/04\/BD_DSC1288-600x400.jpg\"><div class=\"fusion-clearfix\"><\/div><\/div><\/div><div class=\"fusion-layout-column fusion_builder_column fusion-builder-column-1 fusion_builder_column_1_2 1_2 fusion-one-half fusion-column-last\" style=\"width:48%;margin-top:0px;margin-bottom:0px;\"><div class=\"fusion-column-wrapper fusion-flex-column-wrapper-legacy\" style=\"background-position:left top;background-repeat:no-repeat;-webkit-background-size:cover;-moz-background-size:cover;-o-background-size:cover;background-size:cover;padding: 0px 0px 0px 0px;\"><div class=\"fusion-text fusion-text-1\"><h1 style=\"text-align: left;\"><span style=\"color: #ff0000;\">L&#8217;\u00c9quipe P\u00e9pites<\/span><\/h1>\n<h2 style=\"text-align: left;\"><span style=\"color: #808080;\">Le programme P\u00e9pites repose sur une action conjointe de la M\u00e9tropole de Lyon, de la CCI LYON METROPOLE et, le cas \u00e9ch\u00e9ant, d\u2019experts externes.<\/span><\/h2>\n<\/div><div class=\"fusion-text fusion-text-2\"><h3>L\u2019entreprise P\u00e9pite sera ainsi suivie de mani\u00e8re personnalis\u00e9e par :<\/h3>\n<ul>\n<li>\n<h3>un conseil r\u00e9f\u00e9rent de la CCI LYON METROPOLE, qui sera son interlocuteur privil\u00e9gi\u00e9, et pilotera les experts externes impliqu\u00e9s<\/h3>\n<\/li>\n<li>\n<h3>un r\u00e9f\u00e9rent de la M\u00e9tropole de Lyon (d\u00e9veloppeur \u00e9conomique territorial ou charg\u00e9 de mission fili\u00e8res)<\/h3>\n<\/li>\n<\/ul>\n<h3><\/h3>\n<h3><strong>Bienveillance, exigence et simplicit\u00e9 sont les valeurs partag\u00e9es de tous !<\/strong><\/h3>\n<\/div><div class=\"fusion-clearfix\"><\/div><\/div><\/div><\/div><\/div>\n","protected":false},"excerpt":{"rendered":"","protected":false},"author":1,"featured_media":0,"parent":0,"menu_order":0,"comment_status":"closed","ping_status":"closed","template":"","meta":[],"yoast_head":"<!-- This site is optimized with the Yoast SEO plugin v15.4 - https:\/\/yoast.com\/wordpress\/plugins\/seo\/ -->\n<title>L&#039;\u00e9quipe P\u00e9pites - P\u00c9PITES - Entrepreneurs de croissance<\/title>\n<meta name=\"robots\" content=\"index, follow, max-snippet:-1, max-image-preview:large, max-video-preview:-1\" \/>\n<link rel=\"canonical\" href=\"https:\/\/www.programme-pepites.fr\/index.php\/lequipe-pepites\/\" \/>\n<meta property=\"og:locale\" content=\"fr_FR\" \/>\n<meta property=\"og:type\" content=\"article\" \/>\n<meta property=\"og:title\" content=\"L&#039;\u00e9quipe P\u00e9pites - P\u00c9PITES - Entrepreneurs de croissance\" \/>\n<meta property=\"og:url\" content=\"https:\/\/www.programme-pepites.fr\/index.php\/lequipe-pepites\/\" \/>\n<meta property=\"og:site_name\" content=\"P\u00c9PITES - Entrepreneurs de croissance\" \/>\n<meta property=\"article:publisher\" content=\"https:\/\/www.facebook.com\/CerclePepites\" \/>\n<meta property=\"article:modified_time\" content=\"2023-04-12T14:03:57+00:00\" \/>\n<meta name=\"twitter:card\" content=\"summary\" \/>\n<meta name=\"twitter:creator\" content=\"@ProgrammePepite\" \/>\n<meta name=\"twitter:site\" content=\"@ProgrammePepite\" \/>\n<meta name=\"twitter:label1\" content=\"\u00c9crit par\">\n\t<meta name=\"twitter:data1\" content=\"admin4568\">\n\t<meta name=\"twitter:label2\" content=\"Dur\u00e9e de lecture est.\">\n\t<meta name=\"twitter:data2\" content=\"2 minutes\">\n<script type=\"application\/ld+json\" class=\"yoast-schema-graph\">{\"@context\":\"https:\/\/schema.org\",\"@graph\":[{\"@type\":\"WebSite\",\"@id\":\"https:\/\/www.programme-pepites.fr\/#website\",\"url\":\"https:\/\/www.programme-pepites.fr\/\",\"name\":\"P\\u00c9PITES - Entrepreneurs de croissance\",\"description\":\"Accompagnez votre hyper croissance !\",\"potentialAction\":[{\"@type\":\"SearchAction\",\"target\":\"https:\/\/www.programme-pepites.fr\/?s={search_term_string}\",\"query-input\":\"required name=search_term_string\"}],\"inLanguage\":\"fr-FR\"},{\"@type\":\"WebPage\",\"@id\":\"https:\/\/www.programme-pepites.fr\/index.php\/lequipe-pepites\/#webpage\",\"url\":\"https:\/\/www.programme-pepites.fr\/index.php\/lequipe-pepites\/\",\"name\":\"L'\\u00e9quipe P\\u00e9pites - P\\u00c9PITES - Entrepreneurs de croissance\",\"isPartOf\":{\"@id\":\"https:\/\/www.programme-pepites.fr\/#website\"},\"datePublished\":\"2016-09-05T09:09:35+00:00\",\"dateModified\":\"2023-04-12T14:03:57+00:00\",\"inLanguage\":\"fr-FR\",\"potentialAction\":[{\"@type\":\"ReadAction\",\"target\":[\"https:\/\/www.programme-pepites.fr\/index.php\/lequipe-pepites\/\"]}]}]}<\/script>\n<!-- \/ Yoast SEO plugin. -->","_links":{"self":[{"href":"https:\/\/www.programme-pepites.fr\/index.php\/wp-json\/wp\/v2\/pages\/15"}],"collection":[{"href":"https:\/\/www.programme-pepites.fr\/index.php\/wp-json\/wp\/v2\/pages"}],"about":[{"href":"https:\/\/www.programme-pepites.fr\/index.php\/wp-json\/wp\/v2\/types\/page"}],"author":[{"embeddable":true,"href":"https:\/\/www.programme-pepites.fr\/index.php\/wp-json\/wp\/v2\/users\/1"}],"replies":[{"embeddable":true,"href":"https:\/\/www.programme-pepites.fr\/index.php\/wp-json\/wp\/v2\/comments?post=15"}],"version-history":[{"count":54,"href":"https:\/\/www.programme-pepites.fr\/index.php\/wp-json\/wp\/v2\/pages\/15\/revisions"}],"predecessor-version":[{"id":2740,"href":"https:\/\/www.programme-pepites.fr\/index.php\/wp-json\/wp\/v2\/pages\/15\/revisions\/2740"}],"wp:attachment":[{"href":"https:\/\/www.programme-pepites.fr\/index.php\/wp-json\/wp\/v2\/media?parent=15"}],"curies":[{"name":"wp","href":"https:\/\/api.w.org\/{rel}","templated":true}]}}