{"id":21,"date":"2016-09-05T10:15:20","date_gmt":"2016-09-05T09:15:20","guid":{"rendered":"http:\/\/www.programme-pepites.fr\/?page_id=21"},"modified":"2020-11-27T19:06:33","modified_gmt":"2020-11-27T18:06:33","slug":"temoignages","status":"publish","type":"page","link":"https:\/\/www.programme-pepites.fr\/index.php\/temoignages\/","title":{"rendered":"T\u00e9moignages"},"content":{"rendered":"<p><div class=\"fusion-fullwidth fullwidth-box fusion-builder-row-1 nonhundred-percent-fullwidth non-hundred-percent-height-scrolling\" style=\"background-color: rgba(255,255,255,0);background-position: left top;background-repeat: no-repeat;padding-top:20px;padding-right:0px;padding-bottom:20px;padding-left:0px;margin-bottom: 0px;margin-top: 0px;border-width: 0px 0px 0px 0px;border-color:#eae9e9;border-style:solid;\" ><div class=\"fusion-builder-row fusion-row\"><div class=\"fusion-layout-column fusion_builder_column fusion-builder-column-0 fusion_builder_column_1_1 1_1 fusion-one-full fusion-column-first fusion-column-last fusion-column-no-min-height\" style=\"margin-top:0px;margin-bottom:0px;\"><div class=\"fusion-column-wrapper fusion-flex-column-wrapper-legacy\" style=\"background-position:left top;background-repeat:no-repeat;-webkit-background-size:cover;-moz-background-size:cover;-o-background-size:cover;background-size:cover;padding: 0px 0px 0px 0px;\"><div class=\"fusion-text fusion-text-1\"><h1 style=\"text-align: center;\"><span style=\"color: #ff0000;\">T\u00e9moignages<\/span><\/h1>\n<\/div><div class=\"fusion-clearfix\"><\/div><\/div><\/div><div class=\"fusion-layout-column fusion_builder_column fusion-builder-column-1 fusion_builder_column_1_5 1_5 fusion-one-fifth fusion-column-first\" style=\"width:16.8%; margin-right: 4%;margin-top:0px;margin-bottom:0px;\"><div class=\"fusion-column-wrapper fusion-flex-column-wrapper-legacy\" style=\"background-position:left top;background-repeat:no-repeat;-webkit-background-size:cover;-moz-background-size:cover;-o-background-size:cover;background-size:cover;padding: 0px 0px 0px 0px;\"><span class=\" fusion-imageframe imageframe-none imageframe-1 hover-type-none\"> <img alt=\"\" src=\"\" class=\"img-responsive\"\/><\/span><div class=\"fusion-clearfix\"><\/div><\/div><\/div><div class=\"fusion-layout-column fusion_builder_column fusion-builder-column-2 fusion_builder_column_3_5 3_5 fusion-three-fifth\" style=\"width:58.4%; margin-right: 4%;margin-top:0px;margin-bottom:0px;\"><div class=\"fusion-column-wrapper fusion-flex-column-wrapper-legacy\" style=\"background-position:left top;background-repeat:no-repeat;-webkit-background-size:cover;-moz-background-size:cover;-o-background-size:cover;background-size:cover;padding: 0px 0px 0px 0px;\"><div class=\"fusion-testimonials clean fusion-testimonials-1\" data-random=\"0\" data-speed=\"4000\"><style type=\"text\/css\">#fusion-testimonials-1 a{border-color:#666666;}#fusion-testimonials-1 a:hover, #fusion-testimonials-1 .activeSlide{background-color: #666666;}.fusion-testimonials.clean.fusion-testimonials-1 .author:after{border-top-color:#ffffff !important;}<\/style><div class=\"reviews\"><div class=\"review avatar-image\"><div class=\"testimonial-thumbnail\"><img class=\"testimonial-image\" src=\"https:\/\/www.programme-pepites.fr\/wp-content\/uploads\/2016\/09\/temoignage-veyret-1-150x150.png\" width=\"150\" height=\"150\" \/><\/div><blockquote class=\"testimonials-shortcode-blockquote\"><q style=\"background-color:#ffffff;color:#666666;\" class=\"fusion-clearfix\">\u00ab C\u2019est une belle initiative qui rassemble des entreprises qui fonctionnent bien. Il est assez rare de s\u2019occuper des entreprises qui se portent bien et P\u00e9pites le fait tr\u00e8s bien ! \u00bb<\/q><\/blockquote><div class=\"author\" style=\"color:#666666;\"><span class=\"company-name\"><strong>Louis VEYRET<\/strong>, <span>PDG de Dynergie Group<\/span><\/span><\/div><\/div><\/div><div class=\"testimonial-pagination\" id=\"fusion-testimonials-1\"><\/div><\/div><div class=\"fusion-clearfix\"><\/div><\/div><\/div><div class=\"fusion-layout-column fusion_builder_column fusion-builder-column-3 fusion_builder_column_1_5 1_5 fusion-one-fifth fusion-column-last\" style=\"width:16.8%;margin-top:0px;margin-bottom:0px;\"><div class=\"fusion-column-wrapper fusion-flex-column-wrapper-legacy\" style=\"background-position:left top;background-repeat:no-repeat;-webkit-background-size:cover;-moz-background-size:cover;-o-background-size:cover;background-size:cover;padding: 0px 0px 0px 0px;\"><span class=\" fusion-imageframe imageframe-none imageframe-2 hover-type-none\"> <img alt=\"\" src=\"\" class=\"img-responsive\"\/><\/span><div class=\"fusion-clearfix\"><\/div><\/div><\/div><\/div><\/div><div class=\"fusion-fullwidth fullwidth-box fusion-builder-row-2 faded-background fusion-parallax-fixed hundred-percent-fullwidth non-hundred-percent-height-scrolling fusion-equal-height-columns\" style=\"background-position: center center;background-repeat: no-repeat;padding-top:75px;padding-right:0px;padding-bottom:75px;padding-left:0px;margin-bottom: 0px;margin-top: 0px;border-width: 0px 0px 0px 0px;border-color:#eae9e9;border-style:solid;-webkit-background-size:cover;-moz-background-size:cover;-o-background-size:cover;background-size:cover;background-attachment:fixed;\" ><div class=\"fullwidth-faded\" style=\"background-attachment:fixed;background-color:rgba(255,255,255,0);background-image: url(https:\/\/www.programme-pepites.fr\/wp-content\/uploads\/2016\/09\/font-bleu-degrade.jpg);background-position:center center;background-repeat:no-repeat;-webkit-background-size:cover;-moz-background-size:cover;-o-background-size:cover;background-size:cover;\" ><\/div><div class=\"fusion-builder-row fusion-row\"><\/div><\/div><div class=\"fusion-fullwidth fullwidth-box fusion-builder-row-3 nonhundred-percent-fullwidth non-hundred-percent-height-scrolling\" style=\"background-color: #ffffff;background-position: left top;background-repeat: no-repeat;padding-top:20px;padding-right:0px;padding-bottom:20px;padding-left:0px;margin-bottom: 0px;margin-top: 0px;border-width: 0px 0px 0px 0px;border-color:#eae9e9;border-style:solid;\" ><div class=\"fusion-builder-row fusion-row\"><div class=\"fusion-layout-column fusion_builder_column fusion-builder-column-4 fusion_builder_column_1_6 1_6 fusion-one-sixth fusion-column-first\" style=\"width:13.3333%; margin-right: 4%;margin-top:0px;margin-bottom:0px;\"><div class=\"fusion-column-wrapper fusion-flex-column-wrapper-legacy\" style=\"background-position:left top;background-repeat:no-repeat;-webkit-background-size:cover;-moz-background-size:cover;-o-background-size:cover;background-size:cover;padding: 0px 0px 0px 0px;\"><span class=\" fusion-imageframe imageframe-none imageframe-3 hover-type-none\"> <img alt=\"\" src=\"\" class=\"img-responsive\"\/><\/span><div class=\"fusion-clearfix\"><\/div><\/div><\/div><div class=\"fusion-layout-column fusion_builder_column fusion-builder-column-5 fusion_builder_column_2_3 2_3 fusion-two-third\" style=\"width:65.3333%; margin-right: 4%;margin-top:0px;margin-bottom:0px;\"><div class=\"fusion-column-wrapper fusion-flex-column-wrapper-legacy\" style=\"background-position:left top;background-repeat:no-repeat;-webkit-background-size:cover;-moz-background-size:cover;-o-background-size:cover;background-size:cover;padding: 0px 0px 0px 0px;\"><div class=\"fusion-testimonials clean fusion-testimonials-2\" data-random=\"0\" data-speed=\"4000\"><style type=\"text\/css\">#fusion-testimonials-2 a{border-color:#666666;}#fusion-testimonials-2 a:hover, #fusion-testimonials-2 .activeSlide{background-color: #666666;}.fusion-testimonials.clean.fusion-testimonials-2 .author:after{border-top-color:#ffffff !important;}<\/style><div class=\"reviews\"><div class=\"review avatar-image\"><div class=\"testimonial-thumbnail\"><img class=\"testimonial-image\" src=\"https:\/\/www.programme-pepites.fr\/wp-content\/uploads\/2016\/09\/temoignage-HAVYARIMANA.png\" width=\"211\" height=\"211\" \/><\/div><blockquote class=\"testimonials-shortcode-blockquote\"><q style=\"background-color:#ffffff;color:#666666;\" class=\"fusion-clearfix\">\u00ab\u00a0C\u2019est une v\u00e9ritable pause pour un chef d\u2019entreprise ! Pour nous permettre de nous poser les bonnes questions dans notre course au d\u00e9veloppement, pour nous aider \u00e0 grandir et se d\u00e9velopper sur le long terme. P\u00e9pites c\u2019est une pause pour reprendre des forces et mieux avancer tout en prenant de la hauteur et \u00eatre challeng\u00e9 au quotidien \u00bb<\/q><\/blockquote><div class=\"author\" style=\"color:#666666;\"><span class=\"company-name\"><strong>Gelase HAVYARIMANA<\/strong>, <span>PDG de Batiroc Protect<\/span><\/span><\/div><\/div><\/div><div class=\"testimonial-pagination\" id=\"fusion-testimonials-2\"><\/div><\/div><div class=\"fusion-clearfix\"><\/div><\/div><\/div><div class=\"fusion-layout-column fusion_builder_column fusion-builder-column-6 fusion_builder_column_1_6 1_6 fusion-one-sixth fusion-column-last\" style=\"width:13.3333%;margin-top:0px;margin-bottom:0px;\"><div class=\"fusion-column-wrapper fusion-flex-column-wrapper-legacy\" style=\"background-position:left top;background-repeat:no-repeat;-webkit-background-size:cover;-moz-background-size:cover;-o-background-size:cover;background-size:cover;padding: 0px 0px 0px 0px;\"><span class=\" fusion-imageframe imageframe-none imageframe-4 hover-type-none\"> <img alt=\"\" src=\"\" class=\"img-responsive\"\/><\/span><div class=\"fusion-clearfix\"><\/div><\/div><\/div><\/div><\/div><div class=\"fusion-fullwidth fullwidth-box fusion-builder-row-4 faded-background fusion-parallax-fixed hundred-percent-fullwidth non-hundred-percent-height-scrolling fusion-equal-height-columns\" style=\"background-position: center center;background-repeat: no-repeat;padding-top:75px;padding-right:0px;padding-bottom:75px;padding-left:0px;margin-bottom: 0px;margin-top: 0px;border-width: 0px 0px 0px 0px;border-color:#eae9e9;border-style:solid;-webkit-background-size:cover;-moz-background-size:cover;-o-background-size:cover;background-size:cover;background-attachment:fixed;\" ><div class=\"fullwidth-faded\" style=\"background-attachment:fixed;background-color:rgba(255,255,255,0);background-image: url(https:\/\/www.programme-pepites.fr\/wp-content\/uploads\/2016\/09\/font-bleu-degrade.jpg);background-position:center center;background-repeat:no-repeat;-webkit-background-size:cover;-moz-background-size:cover;-o-background-size:cover;background-size:cover;\" ><\/div><div class=\"fusion-builder-row fusion-row\"><\/div><\/div><div class=\"fusion-fullwidth fullwidth-box fusion-builder-row-5 nonhundred-percent-fullwidth non-hundred-percent-height-scrolling\" style=\"background-color: rgba(255,255,255,0);background-position: left top;background-repeat: no-repeat;padding-top:20px;padding-right:0px;padding-bottom:20px;padding-left:0px;margin-bottom: 0px;margin-top: 0px;border-width: 0px 0px 0px 0px;border-color:#eae9e9;border-style:solid;\" ><div class=\"fusion-builder-row fusion-row\"><div class=\"fusion-layout-column fusion_builder_column fusion-builder-column-7 fusion_builder_column_1_6 1_6 fusion-one-sixth fusion-column-first\" style=\"width:13.3333%; margin-right: 4%;margin-top:0px;margin-bottom:0px;\"><div class=\"fusion-column-wrapper fusion-flex-column-wrapper-legacy\" style=\"background-position:left top;background-repeat:no-repeat;-webkit-background-size:cover;-moz-background-size:cover;-o-background-size:cover;background-size:cover;padding: 0px 0px 0px 0px;\"><span class=\" fusion-imageframe imageframe-none imageframe-5 hover-type-none\"> <img alt=\"\" src=\"\" class=\"img-responsive\"\/><\/span><div class=\"fusion-clearfix\"><\/div><\/div><\/div><div class=\"fusion-layout-column fusion_builder_column fusion-builder-column-8 fusion_builder_column_2_3 2_3 fusion-two-third\" style=\"width:65.3333%; margin-right: 4%;margin-top:0px;margin-bottom:0px;\"><div class=\"fusion-column-wrapper fusion-flex-column-wrapper-legacy\" style=\"background-position:left top;background-repeat:no-repeat;-webkit-background-size:cover;-moz-background-size:cover;-o-background-size:cover;background-size:cover;padding: 0px 0px 0px 0px;\"><div class=\"fusion-testimonials clean fusion-testimonials-3\" data-random=\"0\" data-speed=\"4000\"><style type=\"text\/css\">#fusion-testimonials-3 a{border-color:#666666;}#fusion-testimonials-3 a:hover, #fusion-testimonials-3 .activeSlide{background-color: #666666;}.fusion-testimonials.clean.fusion-testimonials-3 .author:after{border-top-color:#ffffff !important;}<\/style><div class=\"reviews\"><div class=\"review avatar-image\"><div class=\"testimonial-thumbnail\"><img class=\"testimonial-image\" src=\"https:\/\/www.programme-pepites.fr\/wp-content\/uploads\/2016\/09\/temoignage-duniere.png\" width=\"211\" height=\"211\" \/><\/div><blockquote class=\"testimonials-shortcode-blockquote\"><q style=\"background-color:#ffffff;color:#666666;\" class=\"fusion-clearfix\">\u00ab Source d\u2019inspiration, regard nouveau\u2026 L\u2019expertise P\u00e9pites nous conforte dans les intuitions que nous aurions pu avoir. Cette analyse nous permet de d\u00e9finir des axes de d\u00e9veloppement performant. \u00bb<\/q><\/blockquote><div class=\"author\" style=\"color:#666666;\"><span class=\"company-name\"><strong>Franck DUNI\u00c8RE<\/strong>, <span>Co-fondateur IPLINE<\/span><\/span><\/div><\/div><\/div><div class=\"testimonial-pagination\" id=\"fusion-testimonials-3\"><\/div><\/div><div class=\"fusion-clearfix\"><\/div><\/div><\/div><div class=\"fusion-layout-column fusion_builder_column fusion-builder-column-9 fusion_builder_column_1_6 1_6 fusion-one-sixth fusion-column-last\" style=\"width:13.3333%;margin-top:0px;margin-bottom:0px;\"><div class=\"fusion-column-wrapper fusion-flex-column-wrapper-legacy\" style=\"background-position:left top;background-repeat:no-repeat;-webkit-background-size:cover;-moz-background-size:cover;-o-background-size:cover;background-size:cover;padding: 0px 0px 0px 0px;\"><span class=\" fusion-imageframe imageframe-none imageframe-6 hover-type-none\"> <img alt=\"\" src=\"\" class=\"img-responsive\"\/><\/span><div class=\"fusion-clearfix\"><\/div><\/div><\/div><\/div><\/div><\/p>\n","protected":false},"excerpt":{"rendered":"","protected":false},"author":1,"featured_media":0,"parent":0,"menu_order":0,"comment_status":"closed","ping_status":"closed","template":"","meta":[],"yoast_head":"<!-- This site is optimized with the Yoast SEO plugin v15.4 - https:\/\/yoast.com\/wordpress\/plugins\/seo\/ -->\n<title>T\u00e9moignages - P\u00c9PITES - Entrepreneurs de croissance<\/title>\n<meta name=\"robots\" content=\"index, follow, max-snippet:-1, max-image-preview:large, max-video-preview:-1\" \/>\n<link rel=\"canonical\" href=\"https:\/\/www.programme-pepites.fr\/index.php\/temoignages\/\" \/>\n<meta property=\"og:locale\" content=\"fr_FR\" \/>\n<meta property=\"og:type\" content=\"article\" \/>\n<meta property=\"og:title\" content=\"T\u00e9moignages - P\u00c9PITES - Entrepreneurs de croissance\" \/>\n<meta property=\"og:url\" content=\"https:\/\/www.programme-pepites.fr\/index.php\/temoignages\/\" \/>\n<meta property=\"og:site_name\" content=\"P\u00c9PITES - Entrepreneurs de croissance\" \/>\n<meta property=\"article:publisher\" content=\"https:\/\/www.facebook.com\/CerclePepites\" \/>\n<meta property=\"article:modified_time\" content=\"2020-11-27T18:06:33+00:00\" \/>\n<meta name=\"twitter:card\" content=\"summary\" \/>\n<meta name=\"twitter:creator\" content=\"@ProgrammePepite\" \/>\n<meta name=\"twitter:site\" content=\"@ProgrammePepite\" \/>\n<meta name=\"twitter:label1\" content=\"\u00c9crit par\">\n\t<meta name=\"twitter:data1\" content=\"admin4568\">\n\t<meta name=\"twitter:label2\" content=\"Dur\u00e9e de lecture est.\">\n\t<meta name=\"twitter:data2\" content=\"6 minutes\">\n<script type=\"application\/ld+json\" class=\"yoast-schema-graph\">{\"@context\":\"https:\/\/schema.org\",\"@graph\":[{\"@type\":\"WebSite\",\"@id\":\"https:\/\/www.programme-pepites.fr\/#website\",\"url\":\"https:\/\/www.programme-pepites.fr\/\",\"name\":\"P\\u00c9PITES - Entrepreneurs de croissance\",\"description\":\"Accompagnez votre hyper croissance !\",\"potentialAction\":[{\"@type\":\"SearchAction\",\"target\":\"https:\/\/www.programme-pepites.fr\/?s={search_term_string}\",\"query-input\":\"required name=search_term_string\"}],\"inLanguage\":\"fr-FR\"},{\"@type\":\"WebPage\",\"@id\":\"https:\/\/www.programme-pepites.fr\/index.php\/temoignages\/#webpage\",\"url\":\"https:\/\/www.programme-pepites.fr\/index.php\/temoignages\/\",\"name\":\"T\\u00e9moignages - P\\u00c9PITES - Entrepreneurs de croissance\",\"isPartOf\":{\"@id\":\"https:\/\/www.programme-pepites.fr\/#website\"},\"datePublished\":\"2016-09-05T09:15:20+00:00\",\"dateModified\":\"2020-11-27T18:06:33+00:00\",\"inLanguage\":\"fr-FR\",\"potentialAction\":[{\"@type\":\"ReadAction\",\"target\":[\"https:\/\/www.programme-pepites.fr\/index.php\/temoignages\/\"]}]}]}<\/script>\n<!-- \/ Yoast SEO plugin. -->","_links":{"self":[{"href":"https:\/\/www.programme-pepites.fr\/index.php\/wp-json\/wp\/v2\/pages\/21"}],"collection":[{"href":"https:\/\/www.programme-pepites.fr\/index.php\/wp-json\/wp\/v2\/pages"}],"about":[{"href":"https:\/\/www.programme-pepites.fr\/index.php\/wp-json\/wp\/v2\/types\/page"}],"author":[{"embeddable":true,"href":"https:\/\/www.programme-pepites.fr\/index.php\/wp-json\/wp\/v2\/users\/1"}],"replies":[{"embeddable":true,"href":"https:\/\/www.programme-pepites.fr\/index.php\/wp-json\/wp\/v2\/comments?post=21"}],"version-history":[{"count":50,"href":"https:\/\/www.programme-pepites.fr\/index.php\/wp-json\/wp\/v2\/pages\/21\/revisions"}],"predecessor-version":[{"id":2391,"href":"https:\/\/www.programme-pepites.fr\/index.php\/wp-json\/wp\/v2\/pages\/21\/revisions\/2391"}],"wp:attachment":[{"href":"https:\/\/www.programme-pepites.fr\/index.php\/wp-json\/wp\/v2\/media?parent=21"}],"curies":[{"name":"wp","href":"https:\/\/api.w.org\/{rel}","templated":true}]}}