{"id":25,"date":"2016-09-05T10:16:06","date_gmt":"2016-09-05T09:16:06","guid":{"rendered":"http:\/\/www.programme-pepites.fr\/?page_id=25"},"modified":"2020-11-27T19:06:33","modified_gmt":"2020-11-27T18:06:33","slug":"actualites","status":"publish","type":"page","link":"https:\/\/www.programme-pepites.fr\/index.php\/actualites\/","title":{"rendered":"Actualit\u00e9s"},"content":{"rendered":"<div class=\"fusion-fullwidth fullwidth-box fusion-builder-row-1 hundred-percent-fullwidth non-hundred-percent-height-scrolling\" style=\"background-color: rgba(255,255,255,0);background-position: center center;background-repeat: no-repeat;padding-top:0px;padding-right:0px;padding-bottom:0px;padding-left:0px;margin-bottom: 0px;margin-top: 0px;border-width: 0px 0px 0px 0px;border-color:#eae9e9;border-style:solid;\" ><div class=\"fusion-builder-row fusion-row\"><div class=\"fusion-layout-column fusion_builder_column fusion-builder-column-0 fusion_builder_column_1_1 1_1 fusion-one-full fusion-column-first fusion-column-last fusion-column-no-min-height\" style=\"margin-top:0px;margin-bottom:0px;\"><div class=\"fusion-column-wrapper fusion-flex-column-wrapper-legacy\" style=\"background-position:left top;background-repeat:no-repeat;-webkit-background-size:cover;-moz-background-size:cover;-o-background-size:cover;background-size:cover;padding: 0px 0px 0px 0px;\"><div class=\"fusion-text fusion-text-1\"><h1><span style=\"color: #ff0000;\">Actualit\u00e9s<\/span><\/h1>\n<\/div><div class=\"fusion-clearfix\"><\/div><\/div><\/div><div class=\"fusion-layout-column fusion_builder_column fusion-builder-column-1 fusion_builder_column_1_1 1_1 fusion-one-full fusion-column-first fusion-column-last fusion-column-no-min-height\" style=\"margin-top:0px;margin-bottom:0px;\"><div class=\"fusion-column-wrapper fusion-flex-column-wrapper-legacy\" style=\"background-position:left top;background-repeat:no-repeat;-webkit-background-size:cover;-moz-background-size:cover;-o-background-size:cover;background-size:cover;padding: 0px 0px 0px 0px;\"><div class=\"fusion-blog-shortcode fusion-blog-shortcode-1 fusion-blog-archive fusion-blog-layout-medium-alternate fusion-blog-pagination\"><div class=\"fusion-posts-container fusion-posts-container-pagination fusion-no-meta-info fusion-blog-rollover\" data-pages=\"5\"><article id=\"blog-1-post-2333\" class=\"fusion-post-medium-alternate post-2333 post type-post status-publish format-standard has-post-thumbnail hentry category-actualite category-actualites-des-pepites\">\n<div class=\"fusion-date-and-formats\"><div class=\"fusion-date-box updated\"><span class=\"fusion-date\">5<\/span><span class=\"fusion-month-year\">05, 2020<\/span><\/div><div class=\"fusion-format-box\"><i class=\"fusion-icon-pen\" aria-hidden=\"true\"><\/i><\/div><\/div>\t<style type=\"text\/css\">\n\t\t\n\t\t\n\t\t\n\t\t\n\t\t\t<\/style>\n\n\n\t\t\t<div class=\"fusion-flexslider flexslider fusion-flexslider-loading fusion-post-slideshow\" style=\"\">\n\t\t<ul class=\"slides\">\n\t\t\t\n\t\t\t\t\t\t\t\t\t\t\t\t\t\t<li>\n\n<div  class=\"fusion-image-wrapper fusion-image-size-fixed\" aria-haspopup=\"true\">\n\t\n\t\n\t\t\n\t\t\t\t\t<img width=\"320\" height=\"202\" src=\"https:\/\/www.programme-pepites.fr\/wp-content\/uploads\/2020\/05\/600x450px-site-p\u00e9pites-Cosmo-Tech-320x202.png\" class=\"attachment-blog-medium size-blog-medium wp-post-image\" alt=\"\" \/>\n\t\n\n\t\t<div class=\"fusion-rollover\">\n\t<div class=\"fusion-rollover-content\">\n\n\t\t\t\t\t\t\t\t\t\t\t\t\t\t<a class=\"fusion-rollover-link\" href=\"https:\/\/www.programme-pepites.fr\/index.php\/2020\/05\/05\/defi-pepites-cosmotech\/\">Les challenges de l\u2019hypercroissance #P\u00e9pites : le d\u00e9fi de Cosmo Tech<\/a>\n\t\t\t\n\t\t\t\t\t\t\t\t\t\t\t\t\t\t\n\t\t\t\t\t\t\t\t\n\t\t\t\t\t\t\t\t\t\t\t\t\t<div class=\"fusion-rollover-sep\"><\/div>\n\t\t\t\t\n\t\t\t\t\t\t\t\t\t\t\t\t\t\t\t\t\t\t<a class=\"fusion-rollover-gallery\" href=\"https:\/\/www.programme-pepites.fr\/wp-content\/uploads\/2020\/05\/600x450px-site-p\u00e9pites-Cosmo-Tech.png\" data-id=\"2333\" data-rel=\"iLightbox[gallery]\" data-title=\"D\u00e9fi Cosmo Tech - Les challenges de l&#039;hypercroissance #P\u00e9pites\" data-caption=\"D\u00e9fi Cosmo Tech - Les challenges de l&#039;hypercroissance #P\u00e9pites\">\n\t\t\t\t\t\tGalerie\t\t\t\t\t<\/a>\n\t\t\t\t\t\t\t\t\t\t\t\t\t\t\n\t\t\t\t\n\t\t\t\t\t\t\t\t\t\t\t\t<h4 class=\"fusion-rollover-title\">\n\t\t\t\t\t<a class=\"fusion-rollover-title-link\" href=\"https:\/\/www.programme-pepites.fr\/index.php\/2020\/05\/05\/defi-pepites-cosmotech\/\">\n\t\t\t\t\t\tLes challenges de l\u2019hypercroissance #P\u00e9pites : le d\u00e9fi de Cosmo Tech\t\t\t\t\t<\/a>\n\t\t\t\t<\/h4>\n\t\t\t\n\t\t\t\t\t\t\t\t\t\t\t\t\t\t<div class=\"fusion-rollover-categories\"><a href=\"https:\/\/www.programme-pepites.fr\/index.php\/category\/actualite\/\" rel=\"tag\">Actualit\u00e9s<\/a>, <a href=\"https:\/\/www.programme-pepites.fr\/index.php\/category\/actualites-des-pepites\/\" rel=\"tag\">Actualit\u00e9s des P\u00c9PITES<\/a><\/div>\t\t\t\t\t\n\t\t\n\t\t\t\t<a class=\"fusion-link-wrapper\" href=\"https:\/\/www.programme-pepites.fr\/index.php\/2020\/05\/05\/defi-pepites-cosmotech\/\" aria-label=\"Les challenges de l\u2019hypercroissance #P\u00e9pites : le d\u00e9fi de Cosmo Tech\"><\/a>\n\t<\/div>\n<\/div>\n\n\t\n<\/div>\n<\/li>\n\t\t\t\n\t\t\t\n\t\t\t\t\t\t\t\t\t\t\t\t\t\t\t\t\t\t\t\t\t\t\t\t\t\t\t\t\t\t\t\t\t\t\t\t\t\t\t\t\t\t\t\t\t\t\t\t\t\t\t\t\t\t\t\t\t\t\t\t\t\t\t\t\t\t\t\t<\/ul>\n\t<\/div>\n\t<div class=\"fusion-post-content post-content\"><h2 class=\"blog-shortcode-post-title entry-title\"><a href=\"https:\/\/www.programme-pepites.fr\/index.php\/2020\/05\/05\/defi-pepites-cosmotech\/\">Les challenges de l\u2019hypercroissance #P\u00e9pites : le d\u00e9fi de Cosmo Tech<\/a><\/h2><div class=\"fusion-post-content-container\"><p>Cosmo Tech accompagne le rebond des industriels fran\u00e7ais. Les solutions de simulation de la startup lyonnaise n'ont jamais \u00e9t\u00e9 aussi n\u00e9cessaires pour renforcer la r\u00e9silience des supply chain et des plans d'actions face \u00e0 un <a href=\"https:\/\/www.programme-pepites.fr\/index.php\/2020\/05\/05\/defi-pepites-cosmotech\/\">[...]<\/a><\/p><\/div><\/div><div class=\"fusion-clearfix\"><\/div><\/article>\n<article id=\"blog-1-post-2321\" class=\"fusion-post-medium-alternate post-2321 post type-post status-publish format-standard has-post-thumbnail hentry category-actualite category-actualites-des-pepites\">\n<div class=\"fusion-date-and-formats\"><div class=\"fusion-date-box updated\"><span class=\"fusion-date\">22<\/span><span class=\"fusion-month-year\">04, 2020<\/span><\/div><div class=\"fusion-format-box\"><i class=\"fusion-icon-pen\" aria-hidden=\"true\"><\/i><\/div><\/div>\t<style type=\"text\/css\">\n\t\t\t\t\t#blog-1-post-2321 .fusion-post-slideshow {\n\t\t\t\tmax-width: 75% !important;\n\t\t\t}\n\t\t\n\t\t\n\t\t\n\t\t\n\t\t\t<\/style>\n\n\n\t\t\t<div class=\"fusion-flexslider flexslider fusion-flexslider-loading fusion-post-slideshow\" style=\"\">\n\t\t<ul class=\"slides\">\n\t\t\t\n\t\t\t\t\t\t\t\t\t\t\t\t\t\t<li>\n\n<div  class=\"fusion-image-wrapper fusion-image-size-fixed\" aria-haspopup=\"true\">\n\t\n\t\n\t\t\n\t\t\t\t\t<img width=\"320\" height=\"202\" src=\"https:\/\/www.programme-pepites.fr\/wp-content\/uploads\/2016\/06\/visuel-actualite-1-320x202.jpg\" class=\"attachment-blog-medium size-blog-medium wp-post-image\" alt=\"\" \/>\n\t\n\n\t\t<div class=\"fusion-rollover\">\n\t<div class=\"fusion-rollover-content\">\n\n\t\t\t\t\t\t\t\t\t\t\t\t\t\t<a class=\"fusion-rollover-link\" href=\"https:\/\/www.programme-pepites.fr\/index.php\/2020\/04\/22\/3-nouvelles-pepites-en-avril-2020\/\">3 Nouvelles P\u00e9pites en avril 2020<\/a>\n\t\t\t\n\t\t\t\t\t\t\t\t\t\t\t\t\t\t\n\t\t\t\t\t\t\t\t\n\t\t\t\t\t\t\t\t\t\t\t\t\t<div class=\"fusion-rollover-sep\"><\/div>\n\t\t\t\t\n\t\t\t\t\t\t\t\t\t\t\t\t\t\t\t\t\t\t<a class=\"fusion-rollover-gallery\" href=\"https:\/\/www.programme-pepites.fr\/wp-content\/uploads\/2016\/06\/visuel-actualite-1-e1473183140150.jpg\" data-id=\"2321\" data-rel=\"iLightbox[gallery]\" data-title=\"visuel-actualite-1\" data-caption=\"\">\n\t\t\t\t\t\tGalerie\t\t\t\t\t<\/a>\n\t\t\t\t\t\t\t\t\t\t\t\t\t\t\n\t\t\t\t\n\t\t\t\t\t\t\t\t\t\t\t\t<h4 class=\"fusion-rollover-title\">\n\t\t\t\t\t<a class=\"fusion-rollover-title-link\" href=\"https:\/\/www.programme-pepites.fr\/index.php\/2020\/04\/22\/3-nouvelles-pepites-en-avril-2020\/\">\n\t\t\t\t\t\t3 Nouvelles P\u00e9pites en avril 2020\t\t\t\t\t<\/a>\n\t\t\t\t<\/h4>\n\t\t\t\n\t\t\t\t\t\t\t\t\t\t\t\t\t\t<div class=\"fusion-rollover-categories\"><a href=\"https:\/\/www.programme-pepites.fr\/index.php\/category\/actualite\/\" rel=\"tag\">Actualit\u00e9s<\/a>, <a href=\"https:\/\/www.programme-pepites.fr\/index.php\/category\/actualites-des-pepites\/\" rel=\"tag\">Actualit\u00e9s des P\u00c9PITES<\/a><\/div>\t\t\t\t\t\n\t\t\n\t\t\t\t<a class=\"fusion-link-wrapper\" href=\"https:\/\/www.programme-pepites.fr\/index.php\/2020\/04\/22\/3-nouvelles-pepites-en-avril-2020\/\" aria-label=\"3 Nouvelles P\u00e9pites en avril 2020\"><\/a>\n\t<\/div>\n<\/div>\n\n\t\n<\/div>\n<\/li>\n\t\t\t\n\t\t\t\n\t\t\t\t\t\t\t\t\t\t\t\t\t\t\t\t\t\t\t\t\t\t\t\t\t\t\t\t\t\t\t\t\t\t\t\t\t\t\t\t\t\t\t\t\t\t\t\t\t\t\t\t\t\t\t\t\t\t\t\t\t\t\t\t\t\t\t\t<\/ul>\n\t<\/div>\n\t<div class=\"fusion-post-content post-content\"><h2 class=\"blog-shortcode-post-title entry-title\"><a href=\"https:\/\/www.programme-pepites.fr\/index.php\/2020\/04\/22\/3-nouvelles-pepites-en-avril-2020\/\">3 Nouvelles P\u00e9pites en avril 2020<\/a><\/h2><div class=\"fusion-post-content-container\"><p>Lanc\u00e9 en 2011 \u00e0 l\u2019initiative de la M\u00e9tropole de Lyon et de la CCI Lyon M\u00e9tropole Saint-Etienne Roanne, le programme \u00ab P\u00e9pites \u00bb accompagne chaque ann\u00e9e une dizaine de PME \u00e0 tr\u00e8s fort potentiel. En <a href=\"https:\/\/www.programme-pepites.fr\/index.php\/2020\/04\/22\/3-nouvelles-pepites-en-avril-2020\/\">[...]<\/a><\/p><\/div><\/div><div class=\"fusion-clearfix\"><\/div><\/article>\n<article id=\"blog-1-post-2298\" class=\"fusion-post-medium-alternate post-2298 post type-post status-publish format-standard has-post-thumbnail hentry category-actualite category-actualites-des-pepites\">\n<div class=\"fusion-date-and-formats\"><div class=\"fusion-date-box updated\"><span class=\"fusion-date\">26<\/span><span class=\"fusion-month-year\">03, 2020<\/span><\/div><div class=\"fusion-format-box\"><i class=\"fusion-icon-pen\" aria-hidden=\"true\"><\/i><\/div><\/div>\t<style type=\"text\/css\">\n\t\t\n\t\t\n\t\t\n\t\t\n\t\t\t<\/style>\n\n\n\t\t\t<div class=\"fusion-flexslider flexslider fusion-flexslider-loading fusion-post-slideshow\" style=\"\">\n\t\t<ul class=\"slides\">\n\t\t\t\n\t\t\t\t\t\t\t\t\t\t\t\t\t\t<li>\n\n<div  class=\"fusion-image-wrapper fusion-image-size-fixed\" aria-haspopup=\"true\">\n\t\n\t\n\t\t\n\t\t\t\t\t<img width=\"320\" height=\"202\" src=\"https:\/\/www.programme-pepites.fr\/wp-content\/uploads\/2020\/03\/600x450px-IPLine-vid\u00e9o-320x202.png\" class=\"attachment-blog-medium size-blog-medium wp-post-image\" alt=\"\" \/>\n\t\n\n\t\t<div class=\"fusion-rollover\">\n\t<div class=\"fusion-rollover-content\">\n\n\t\t\t\t\t\t\t\t\t\t\t\t\t\t<a class=\"fusion-rollover-link\" href=\"https:\/\/www.programme-pepites.fr\/index.php\/2020\/03\/26\/defi-pepites-ipline\/\">Les challenges de l\u2019hypercroissance #P\u00e9pites : le d\u00e9fi d&#8217;IPLine<\/a>\n\t\t\t\n\t\t\t\t\t\t\t\t\t\t\t\t\t\t\n\t\t\t\t\t\t\t\t\n\t\t\t\t\t\t\t\t\t\t\t\t\t<div class=\"fusion-rollover-sep\"><\/div>\n\t\t\t\t\n\t\t\t\t\t\t\t\t\t\t\t\t\t\t\t\t\t\t<a class=\"fusion-rollover-gallery\" href=\"https:\/\/www.programme-pepites.fr\/wp-content\/uploads\/2020\/03\/600x450px-IPLine-vid\u00e9o.png\" data-id=\"2298\" data-rel=\"iLightbox[gallery]\" data-title=\"D\u00e9fi IPLine - Les challenges de l&#039;hypercroissance #P\u00e9pites\" data-caption=\"D\u00e9fi IPLine - Les challenges de l&#039;hypercroissance #P\u00e9pites\">\n\t\t\t\t\t\tGalerie\t\t\t\t\t<\/a>\n\t\t\t\t\t\t\t\t\t\t\t\t\t\t\n\t\t\t\t\n\t\t\t\t\t\t\t\t\t\t\t\t<h4 class=\"fusion-rollover-title\">\n\t\t\t\t\t<a class=\"fusion-rollover-title-link\" href=\"https:\/\/www.programme-pepites.fr\/index.php\/2020\/03\/26\/defi-pepites-ipline\/\">\n\t\t\t\t\t\tLes challenges de l\u2019hypercroissance #P\u00e9pites : le d\u00e9fi d&#8217;IPLine\t\t\t\t\t<\/a>\n\t\t\t\t<\/h4>\n\t\t\t\n\t\t\t\t\t\t\t\t\t\t\t\t\t\t<div class=\"fusion-rollover-categories\"><a href=\"https:\/\/www.programme-pepites.fr\/index.php\/category\/actualite\/\" rel=\"tag\">Actualit\u00e9s<\/a>, <a href=\"https:\/\/www.programme-pepites.fr\/index.php\/category\/actualites-des-pepites\/\" rel=\"tag\">Actualit\u00e9s des P\u00c9PITES<\/a><\/div>\t\t\t\t\t\n\t\t\n\t\t\t\t<a class=\"fusion-link-wrapper\" href=\"https:\/\/www.programme-pepites.fr\/index.php\/2020\/03\/26\/defi-pepites-ipline\/\" aria-label=\"Les challenges de l\u2019hypercroissance #P\u00e9pites : le d\u00e9fi d&#8217;IPLine\"><\/a>\n\t<\/div>\n<\/div>\n\n\t\n<\/div>\n<\/li>\n\t\t\t\n\t\t\t\n\t\t\t\t\t\t\t\t\t\t\t\t\t\t\t\t\t\t\t\t\t\t\t\t\t\t\t\t\t\t\t\t\t\t\t\t\t\t\t\t\t\t\t\t\t\t\t\t\t\t\t\t\t\t\t\t\t\t\t\t\t\t\t\t\t\t\t\t<\/ul>\n\t<\/div>\n\t<div class=\"fusion-post-content post-content\"><h2 class=\"blog-shortcode-post-title entry-title\"><a href=\"https:\/\/www.programme-pepites.fr\/index.php\/2020\/03\/26\/defi-pepites-ipline\/\">Les challenges de l\u2019hypercroissance #P\u00e9pites : le d\u00e9fi d&#8217;IPLine<\/a><\/h2><div class=\"fusion-post-content-container\"><p>La saga vid\u00e9o\u00a0\u00ab\u00a0Les challenges de l\u2019hypercroissance #P\u00e9pites\u00a0\u00bb\u00a0met \u00e0 l\u2019honneur diff\u00e9rents chefs d\u2019entreprise issus du programme p\u00e9pites. Ce mois-ci,\u00a0c'est\u00a0Franck DUNI\u00c8RE, Co-fondateur\u00a0d'IPLine,\u00a0qui revient sur son\u00a0d\u00e9fi P\u00e9pites.\u00a0 On vous laisse d\u00e9couvrir... \u00e0 consommer sans mod\u00e9ration ! Retrouvez les <a href=\"https:\/\/www.programme-pepites.fr\/index.php\/2020\/03\/26\/defi-pepites-ipline\/\">[...]<\/a><\/p><\/div><\/div><div class=\"fusion-clearfix\"><\/div><\/article>\n<article id=\"blog-1-post-2159\" class=\"fusion-post-medium-alternate post-2159 post type-post status-publish format-standard has-post-thumbnail hentry category-actualite category-actualites-des-pepites\">\n<div class=\"fusion-date-and-formats\"><div class=\"fusion-date-box updated\"><span class=\"fusion-date\">29<\/span><span class=\"fusion-month-year\">01, 2020<\/span><\/div><div class=\"fusion-format-box\"><i class=\"fusion-icon-pen\" aria-hidden=\"true\"><\/i><\/div><\/div>\t<style type=\"text\/css\">\n\t\t\n\t\t\n\t\t\n\t\t\n\t\t\t<\/style>\n\n\n\t\t\t<div class=\"fusion-flexslider flexslider fusion-flexslider-loading fusion-post-slideshow\" style=\"\">\n\t\t<ul class=\"slides\">\n\t\t\t\n\t\t\t\t\t\t\t\t\t\t\t\t\t\t<li>\n\n<div  class=\"fusion-image-wrapper fusion-image-size-fixed\" aria-haspopup=\"true\">\n\t\n\t\n\t\t\n\t\t\t\t\t<img width=\"320\" height=\"202\" src=\"https:\/\/www.programme-pepites.fr\/wp-content\/uploads\/2020\/01\/600x450px-site-p\u00e9pites-d\u00e9fi-n2-epsa-320x202.png\" class=\"attachment-blog-medium size-blog-medium wp-post-image\" alt=\"D\u00e9fi Epsa - Les challenges de l&#039;hypercroissance #P\u00e9pites\" \/>\n\t\n\n\t\t<div class=\"fusion-rollover\">\n\t<div class=\"fusion-rollover-content\">\n\n\t\t\t\t\t\t\t\t\t\t\t\t\t\t<a class=\"fusion-rollover-link\" href=\"https:\/\/www.programme-pepites.fr\/index.php\/2020\/01\/29\/defi-pepites-epsa-marketplace\/\">Les challenges de l\u2019hypercroissance #P\u00e9pites : le d\u00e9fi d&#8217;Epsa Marketplace<\/a>\n\t\t\t\n\t\t\t\t\t\t\t\t\t\t\t\t\t\t\n\t\t\t\t\t\t\t\t\n\t\t\t\t\t\t\t\t\t\t\t\t\t<div class=\"fusion-rollover-sep\"><\/div>\n\t\t\t\t\n\t\t\t\t\t\t\t\t\t\t\t\t\t\t\t\t\t\t<a class=\"fusion-rollover-gallery\" href=\"https:\/\/www.programme-pepites.fr\/wp-content\/uploads\/2020\/01\/600x450px-site-p\u00e9pites-d\u00e9fi-n2-epsa.png\" data-id=\"2159\" data-rel=\"iLightbox[gallery]\" data-title=\"D\u00e9fi Epsa - Les challenges de l&#039;hypercroissance #P\u00e9pites\" data-caption=\"D\u00e9fi Epsa - Les challenges de l&#039;hypercroissance #P\u00e9pites\">\n\t\t\t\t\t\tGalerie\t\t\t\t\t<\/a>\n\t\t\t\t\t\t\t\t\t\t\t\t\t\t\n\t\t\t\t\n\t\t\t\t\t\t\t\t\t\t\t\t<h4 class=\"fusion-rollover-title\">\n\t\t\t\t\t<a class=\"fusion-rollover-title-link\" href=\"https:\/\/www.programme-pepites.fr\/index.php\/2020\/01\/29\/defi-pepites-epsa-marketplace\/\">\n\t\t\t\t\t\tLes challenges de l\u2019hypercroissance #P\u00e9pites : le d\u00e9fi d&#8217;Epsa Marketplace\t\t\t\t\t<\/a>\n\t\t\t\t<\/h4>\n\t\t\t\n\t\t\t\t\t\t\t\t\t\t\t\t\t\t<div class=\"fusion-rollover-categories\"><a href=\"https:\/\/www.programme-pepites.fr\/index.php\/category\/actualite\/\" rel=\"tag\">Actualit\u00e9s<\/a>, <a href=\"https:\/\/www.programme-pepites.fr\/index.php\/category\/actualites-des-pepites\/\" rel=\"tag\">Actualit\u00e9s des P\u00c9PITES<\/a><\/div>\t\t\t\t\t\n\t\t\n\t\t\t\t<a class=\"fusion-link-wrapper\" href=\"https:\/\/www.programme-pepites.fr\/index.php\/2020\/01\/29\/defi-pepites-epsa-marketplace\/\" aria-label=\"Les challenges de l\u2019hypercroissance #P\u00e9pites : le d\u00e9fi d&#8217;Epsa Marketplace\"><\/a>\n\t<\/div>\n<\/div>\n\n\t\n<\/div>\n<\/li>\n\t\t\t\n\t\t\t\n\t\t\t\t\t\t\t\t\t\t\t\t\t\t\t\t\t\t\t\t\t\t\t\t\t\t\t\t\t\t\t\t\t\t\t\t\t\t\t\t\t\t\t\t\t\t\t\t\t\t\t\t\t\t\t\t\t\t\t\t\t\t\t\t\t\t\t\t<\/ul>\n\t<\/div>\n\t<div class=\"fusion-post-content post-content\"><h2 class=\"blog-shortcode-post-title entry-title\"><a href=\"https:\/\/www.programme-pepites.fr\/index.php\/2020\/01\/29\/defi-pepites-epsa-marketplace\/\">Les challenges de l\u2019hypercroissance #P\u00e9pites : le d\u00e9fi d&#8217;Epsa Marketplace<\/a><\/h2><div class=\"fusion-post-content-container\"><p>Le programme P\u00e9pites a lanc\u00e9 sa saga vid\u00e9o\u00a0\u00ab\u00a0Les challenges de l\u2019hypercroissance #P\u00e9pites\u00a0\u00bb, mettant \u00e0 l\u2019honneur diff\u00e9rents chefs d\u2019entreprise issus du programme. Vous pouvez ainsi d\u00e9couvrir\u00a0\u00e0 chaque nouvel \u00e9pisode une p\u00e9pite et\u00a0son d\u00e9fi, tout au long <a href=\"https:\/\/www.programme-pepites.fr\/index.php\/2020\/01\/29\/defi-pepites-epsa-marketplace\/\">[...]<\/a><\/p><\/div><\/div><div class=\"fusion-clearfix\"><\/div><\/article>\n<article id=\"blog-1-post-2179\" class=\"fusion-post-medium-alternate post-2179 post type-post status-publish format-standard has-post-thumbnail hentry category-actualite category-actualites-des-pepites\">\n<div class=\"fusion-date-and-formats\"><div class=\"fusion-date-box updated\"><span class=\"fusion-date\">27<\/span><span class=\"fusion-month-year\">01, 2020<\/span><\/div><div class=\"fusion-format-box\"><i class=\"fusion-icon-pen\" aria-hidden=\"true\"><\/i><\/div><\/div>\t<style type=\"text\/css\">\n\t\t\n\t\t\n\t\t\n\t\t\n\t\t\t<\/style>\n\n\n\t\t\t<div class=\"fusion-flexslider flexslider fusion-flexslider-loading fusion-post-slideshow\" style=\"\">\n\t\t<ul class=\"slides\">\n\t\t\t\n\t\t\t\t\t\t\t\t\t\t\t\t\t\t<li>\n\n<div  class=\"fusion-image-wrapper fusion-image-size-fixed\" aria-haspopup=\"true\">\n\t\n\t\n\t\t\n\t\t\t\t\t<img width=\"320\" height=\"202\" src=\"https:\/\/www.programme-pepites.fr\/wp-content\/uploads\/2020\/01\/600x450px-site-p\u00e9pites-1-320x202.png\" class=\"attachment-blog-medium size-blog-medium wp-post-image\" alt=\"Plan\u00e8te OUI, marque BCM Energy, se classe 1er fournisseur d&#039;\u00e9lectricit\u00e9 &quot;vraiment verts&quot;\" \/>\n\t\n\n\t\t<div class=\"fusion-rollover\">\n\t<div class=\"fusion-rollover-content\">\n\n\t\t\t\t\t\t\t\t\t\t\t\t\t\t<a class=\"fusion-rollover-link\" href=\"https:\/\/www.programme-pepites.fr\/index.php\/2020\/01\/27\/planeteoui-bcm-electricite-verte\/\">Plan\u00e8te OUI se classe 1er ex-aequo des fournisseurs d&#8217;\u00e9lectricit\u00e9 &#8220;vraiment verts&#8221;<\/a>\n\t\t\t\n\t\t\t\t\t\t\t\t\t\t\t\t\t\t\n\t\t\t\t\t\t\t\t\n\t\t\t\t\t\t\t\t\t\t\t\t\t<div class=\"fusion-rollover-sep\"><\/div>\n\t\t\t\t\n\t\t\t\t\t\t\t\t\t\t\t\t\t\t\t\t\t\t<a class=\"fusion-rollover-gallery\" href=\"https:\/\/www.programme-pepites.fr\/wp-content\/uploads\/2020\/01\/600x450px-site-p\u00e9pites-1.png\" data-id=\"2179\" data-rel=\"iLightbox[gallery]\" data-title=\"Plan\u00e8te OUI, marque BCM Energy, se classe 1er fournisseur d&#039;\u00e9lectricit\u00e9 &quot;vraiment verts&quot;\" data-caption=\"Plan\u00e8te OUI, marque BCM Energy, se classe 1er fournisseur d&#039;\u00e9lectricit\u00e9 &quot;vraiment verts&quot;\">\n\t\t\t\t\t\tGalerie\t\t\t\t\t<\/a>\n\t\t\t\t\t\t\t\t\t\t\t\t\t\t\n\t\t\t\t\n\t\t\t\t\t\t\t\t\t\t\t\t<h4 class=\"fusion-rollover-title\">\n\t\t\t\t\t<a class=\"fusion-rollover-title-link\" href=\"https:\/\/www.programme-pepites.fr\/index.php\/2020\/01\/27\/planeteoui-bcm-electricite-verte\/\">\n\t\t\t\t\t\tPlan\u00e8te OUI se classe 1er ex-aequo des fournisseurs d&#8217;\u00e9lectricit\u00e9 &#8220;vraiment verts&#8221;\t\t\t\t\t<\/a>\n\t\t\t\t<\/h4>\n\t\t\t\n\t\t\t\t\t\t\t\t\t\t\t\t\t\t<div class=\"fusion-rollover-categories\"><a href=\"https:\/\/www.programme-pepites.fr\/index.php\/category\/actualite\/\" rel=\"tag\">Actualit\u00e9s<\/a>, <a href=\"https:\/\/www.programme-pepites.fr\/index.php\/category\/actualites-des-pepites\/\" rel=\"tag\">Actualit\u00e9s des P\u00c9PITES<\/a><\/div>\t\t\t\t\t\n\t\t\n\t\t\t\t<a class=\"fusion-link-wrapper\" href=\"https:\/\/www.programme-pepites.fr\/index.php\/2020\/01\/27\/planeteoui-bcm-electricite-verte\/\" aria-label=\"Plan\u00e8te OUI se classe 1er ex-aequo des fournisseurs d&#8217;\u00e9lectricit\u00e9 &#8220;vraiment verts&#8221;\"><\/a>\n\t<\/div>\n<\/div>\n\n\t\n<\/div>\n<\/li>\n\t\t\t\n\t\t\t\n\t\t\t\t\t\t\t\t\t\t\t\t\t\t\t\t\t\t\t\t\t\t\t\t\t\t\t\t\t\t\t\t\t\t\t\t\t\t\t\t\t\t\t\t\t\t\t\t\t\t\t\t\t\t\t\t\t\t\t\t\t\t\t\t\t\t\t\t<\/ul>\n\t<\/div>\n\t<div class=\"fusion-post-content post-content\"><h2 class=\"blog-shortcode-post-title entry-title\"><a href=\"https:\/\/www.programme-pepites.fr\/index.php\/2020\/01\/27\/planeteoui-bcm-electricite-verte\/\">Plan\u00e8te OUI se classe 1er ex-aequo des fournisseurs d&#8217;\u00e9lectricit\u00e9 &#8220;vraiment verts&#8221;<\/a><\/h2><div class=\"fusion-post-content-container\"><p>Labellis\u00e9 p\u00e9pite en 2018 et enti\u00e8rement\u00a0ind\u00e9pendant, BCM Energy couvre toute la cha\u00eene de valeur de l\u2019\u00e9nergie renouvelable, depuis la production jusqu\u2019au client final. Gr\u00e2ce \u00e0 sa marque Plan\u00e8te OUI, fournisseur en \u00e9lectricit\u00e9, BCM Energy contribue <a href=\"https:\/\/www.programme-pepites.fr\/index.php\/2020\/01\/27\/planeteoui-bcm-electricite-verte\/\">[...]<\/a><\/p><\/div><\/div><div class=\"fusion-clearfix\"><\/div><\/article>\n<\/div><div class=\"pagination clearfix\"><span class=\"current\">1<\/span><a href=\"https:\/\/www.programme-pepites.fr\/index.php\/wp-json\/wp\/v2\/pages\/25\/page\/2\/\" class=\"inactive\">2<\/a><a class=\"pagination-next\" rel=\"next\" href=\"https:\/\/www.programme-pepites.fr\/index.php\/wp-json\/wp\/v2\/pages\/25\/page\/2\/\"><span class=\"page-text\">Suivant<\/span><span class=\"page-next\"><\/span><\/a><\/div><div class=\"fusion-clearfix\"><\/div><\/div><div class=\"fusion-clearfix\"><\/div><\/div><\/div><\/div><style type=\"text\/css\">.fusion-fullwidth.fusion-builder-row-1 { overflow:visible; }<\/style><\/div>\n","protected":false},"excerpt":{"rendered":"","protected":false},"author":1,"featured_media":0,"parent":0,"menu_order":0,"comment_status":"closed","ping_status":"closed","template":"","meta":[],"yoast_head":"<!-- This site is optimized with the Yoast SEO plugin v15.4 - https:\/\/yoast.com\/wordpress\/plugins\/seo\/ -->\n<title>Actualit\u00e9s - P\u00c9PITES - Entrepreneurs de croissance<\/title>\n<meta name=\"robots\" content=\"index, follow, max-snippet:-1, max-image-preview:large, max-video-preview:-1\" \/>\n<link rel=\"canonical\" href=\"https:\/\/www.programme-pepites.fr\/index.php\/actualites\/\" \/>\n<meta property=\"og:locale\" content=\"fr_FR\" \/>\n<meta property=\"og:type\" content=\"article\" \/>\n<meta property=\"og:title\" content=\"Actualit\u00e9s - P\u00c9PITES - Entrepreneurs de croissance\" \/>\n<meta property=\"og:url\" content=\"https:\/\/www.programme-pepites.fr\/index.php\/actualites\/\" \/>\n<meta property=\"og:site_name\" content=\"P\u00c9PITES - Entrepreneurs de croissance\" \/>\n<meta property=\"article:publisher\" content=\"https:\/\/www.facebook.com\/CerclePepites\" \/>\n<meta property=\"article:modified_time\" content=\"2020-11-27T18:06:33+00:00\" \/>\n<meta name=\"twitter:card\" content=\"summary\" \/>\n<meta name=\"twitter:creator\" content=\"@ProgrammePepite\" \/>\n<meta name=\"twitter:site\" content=\"@ProgrammePepite\" \/>\n<meta name=\"twitter:label1\" content=\"\u00c9crit par\">\n\t<meta name=\"twitter:data1\" content=\"admin4568\">\n\t<meta name=\"twitter:label2\" content=\"Dur\u00e9e de lecture est.\">\n\t<meta name=\"twitter:data2\" content=\"1 minute\">\n<script type=\"application\/ld+json\" class=\"yoast-schema-graph\">{\"@context\":\"https:\/\/schema.org\",\"@graph\":[{\"@type\":\"WebSite\",\"@id\":\"https:\/\/www.programme-pepites.fr\/#website\",\"url\":\"https:\/\/www.programme-pepites.fr\/\",\"name\":\"P\\u00c9PITES - Entrepreneurs de croissance\",\"description\":\"Accompagnez votre hyper croissance !\",\"potentialAction\":[{\"@type\":\"SearchAction\",\"target\":\"https:\/\/www.programme-pepites.fr\/?s={search_term_string}\",\"query-input\":\"required name=search_term_string\"}],\"inLanguage\":\"fr-FR\"},{\"@type\":\"WebPage\",\"@id\":\"https:\/\/www.programme-pepites.fr\/index.php\/actualites\/#webpage\",\"url\":\"https:\/\/www.programme-pepites.fr\/index.php\/actualites\/\",\"name\":\"Actualit\\u00e9s - P\\u00c9PITES - Entrepreneurs de croissance\",\"isPartOf\":{\"@id\":\"https:\/\/www.programme-pepites.fr\/#website\"},\"datePublished\":\"2016-09-05T09:16:06+00:00\",\"dateModified\":\"2020-11-27T18:06:33+00:00\",\"inLanguage\":\"fr-FR\",\"potentialAction\":[{\"@type\":\"ReadAction\",\"target\":[\"https:\/\/www.programme-pepites.fr\/index.php\/actualites\/\"]}]}]}<\/script>\n<!-- \/ Yoast SEO plugin. -->","_links":{"self":[{"href":"https:\/\/www.programme-pepites.fr\/index.php\/wp-json\/wp\/v2\/pages\/25"}],"collection":[{"href":"https:\/\/www.programme-pepites.fr\/index.php\/wp-json\/wp\/v2\/pages"}],"about":[{"href":"https:\/\/www.programme-pepites.fr\/index.php\/wp-json\/wp\/v2\/types\/page"}],"author":[{"embeddable":true,"href":"https:\/\/www.programme-pepites.fr\/index.php\/wp-json\/wp\/v2\/users\/1"}],"replies":[{"embeddable":true,"href":"https:\/\/www.programme-pepites.fr\/index.php\/wp-json\/wp\/v2\/comments?post=25"}],"version-history":[{"count":5,"href":"https:\/\/www.programme-pepites.fr\/index.php\/wp-json\/wp\/v2\/pages\/25\/revisions"}],"predecessor-version":[{"id":2659,"href":"https:\/\/www.programme-pepites.fr\/index.php\/wp-json\/wp\/v2\/pages\/25\/revisions\/2659"}],"wp:attachment":[{"href":"https:\/\/www.programme-pepites.fr\/index.php\/wp-json\/wp\/v2\/media?parent=25"}],"curies":[{"name":"wp","href":"https:\/\/api.w.org\/{rel}","templated":true}]}}