{"id":29,"date":"2016-09-05T10:17:19","date_gmt":"2016-09-05T09:17:19","guid":{"rendered":"http:\/\/www.programme-pepites.fr\/?page_id=29"},"modified":"2020-11-27T19:06:33","modified_gmt":"2020-11-27T18:06:33","slug":"communication","status":"publish","type":"page","link":"https:\/\/www.programme-pepites.fr\/index.php\/communication\/","title":{"rendered":"Communication"},"content":{"rendered":"<p><div class=\"fusion-fullwidth fullwidth-box fusion-builder-row-1 nonhundred-percent-fullwidth non-hundred-percent-height-scrolling\" style=\"background-color: rgba(255,255,255,0);background-position: left top;background-repeat: no-repeat;padding-top:20px;padding-right:0px;padding-bottom:20px;padding-left:0px;margin-bottom: 0px;margin-top: 0px;border-width: 0px 0px 0px 0px;border-color:#eae9e9;border-style:solid;\" ><div class=\"fusion-builder-row fusion-row\"><div class=\"fusion-layout-column fusion_builder_column fusion-builder-column-0 fusion_builder_column_1_1 1_1 fusion-one-full fusion-column-first fusion-column-last fusion-column-no-min-height\" style=\"margin-top:0px;margin-bottom:0px;\"><div class=\"fusion-column-wrapper fusion-flex-column-wrapper-legacy\" style=\"background-position:left top;background-repeat:no-repeat;-webkit-background-size:cover;-moz-background-size:cover;-o-background-size:cover;background-size:cover;padding: 0px 0px 0px 0px;\"><div class=\"fusion-text fusion-text-1\"><h1 style=\"text-align: center;\"><span style=\"color: #ff0000;\">Communication<\/span><\/h1>\n<h2 style=\"text-align: center;\"><span style=\"color: #808080;\">P\u00e9pites, plateforme d\u2019appui aux entrepreneurs de croissance est dot\u00e9e d\u2019une identit\u00e9 graphique et d\u2019un label pour valoriser votre accompagnement sur vos outils de communication. <\/span><\/h2>\n<h2 style=\"text-align: center;\"><span style=\"color: #808080;\">En tant que P\u00e9pite labellis\u00e9e, vous pouvez t\u00e9l\u00e9charger et utiliser \u00a0le kit contenant les \u00e9l\u00e9ments ci-dessous.<\/span><\/h2>\n<h2 style=\"text-align: center;\"><span style=\"color: #73ccd7;\"><strong>T\u00e9l\u00e9charger le kit de communication<br \/>\n<\/strong><\/span><\/h2>\n<h3 style=\"text-align: center;\"><div class=\"sdm_download_button_box_default\"><div class=\"sdm_download_link\"><span class=\"sdm_enter_password_label_text\">Entrez le mot de passe pour t\u00e9l\u00e9charger :<\/span><form action=\"https:\/\/www.programme-pepites.fr\/?smd_process_download=1&download_id=1020\" method=\"post\" id=\"sdm-pass-6a05b9c1be9ac\" class=\"sdm-download-form\"><input type=\"password\" name=\"pass_text\" class=\"sdm_pass_text\" value=\"\" \/> <span class=\"sdm-download-button\"><a href=\"#\" name=\"sdm_dl_pass_submit\" class=\"pass_sumbit sdm_pass_protected_download sdm_download_with_condition sdm_download bleu\">T\u00e9l\u00e9charger le catalogue<\/a><\/span><input type=\"hidden\" name=\"download_id\" value=\"1020\" \/><\/form><\/div><\/div><\/h3>\n<p style=\"text-align: center;\">(contactez l&#8217;\u00e9quipe P\u00e9pites pour votre mot de passe)<\/p>\n<\/div><div class=\"fusion-clearfix\"><\/div><\/div><\/div><\/div><\/div><div class=\"fusion-fullwidth fullwidth-box fusion-builder-row-2 nonhundred-percent-fullwidth non-hundred-percent-height-scrolling\" style=\"background-color: rgba(255,255,255,0);background-position: left top;background-repeat: no-repeat;padding-top:20px;padding-right:0px;padding-bottom:20px;padding-left:0px;margin-bottom: 0px;margin-top: 0px;border-width: 0px 0px 0px 0px;border-color:#eae9e9;border-style:solid;\" ><div class=\"fusion-builder-row fusion-row\"><div class=\"fusion-layout-column fusion_builder_column fusion-builder-column-1 fusion_builder_column_1_2 1_2 fusion-one-half fusion-column-first\" style=\"width:48%; margin-right: 4%;margin-top:0px;margin-bottom:0px;\"><div class=\"fusion-column-wrapper fusion-flex-column-wrapper-legacy\" style=\"background-position:left top;background-repeat:no-repeat;-webkit-background-size:cover;-moz-background-size:cover;-o-background-size:cover;background-size:cover;padding: 0px 0px 0px 0px;\"><div class=\"imageframe-align-center\"><span class=\" fusion-imageframe imageframe-none imageframe-1 hover-type-none\"><img width=\"300\" height=\"300\" title=\"logo-pepites-quadri-label\" src=\"https:\/\/www.programme-pepites.fr\/wp-content\/uploads\/2016\/09\/Logo-Pepites-Quadri-label-300x300.png\" class=\"img-responsive wp-image-1098\" srcset=\"https:\/\/www.programme-pepites.fr\/wp-content\/uploads\/2016\/09\/Logo-Pepites-Quadri-label-200x200.png 200w, https:\/\/www.programme-pepites.fr\/wp-content\/uploads\/2016\/09\/Logo-Pepites-Quadri-label-400x400.png 400w, https:\/\/www.programme-pepites.fr\/wp-content\/uploads\/2016\/09\/Logo-Pepites-Quadri-label.png 472w\" sizes=\"(max-width: 800px) 100vw, 300px\" \/><\/span><\/div><div class=\"fusion-clearfix\"><\/div><\/div><\/div><div class=\"fusion-layout-column fusion_builder_column fusion-builder-column-2 fusion_builder_column_1_2 1_2 fusion-one-half fusion-column-last\" style=\"width:48%;margin-top:0px;margin-bottom:0px;\"><div class=\"fusion-column-wrapper fusion-flex-column-wrapper-legacy\" style=\"background-position:left top;background-repeat:no-repeat;-webkit-background-size:cover;-moz-background-size:cover;-o-background-size:cover;background-size:cover;padding: 0px 0px 0px 0px;\"><div class=\"imageframe-align-center\"><span class=\" fusion-imageframe imageframe-none imageframe-2 hover-type-none\"><img width=\"350\" height=\"262\" title=\"charte_label_pepites\" src=\"https:\/\/www.programme-pepites.fr\/wp-content\/uploads\/2016\/09\/charte_label_pepites.png\" class=\"img-responsive wp-image-763\" srcset=\"https:\/\/www.programme-pepites.fr\/wp-content\/uploads\/2016\/09\/charte_label_pepites-200x150.png 200w, https:\/\/www.programme-pepites.fr\/wp-content\/uploads\/2016\/09\/charte_label_pepites.png 350w\" sizes=\"(max-width: 800px) 100vw, 350px\" \/><\/span><\/div><div class=\"fusion-clearfix\"><\/div><\/div><\/div><\/div><\/div><\/p>\n","protected":false},"excerpt":{"rendered":"","protected":false},"author":1,"featured_media":0,"parent":0,"menu_order":0,"comment_status":"closed","ping_status":"closed","template":"","meta":[],"yoast_head":"<!-- This site is optimized with the Yoast SEO plugin v15.4 - https:\/\/yoast.com\/wordpress\/plugins\/seo\/ -->\n<title>Communication - P\u00c9PITES - Entrepreneurs de croissance<\/title>\n<meta name=\"robots\" content=\"index, follow, max-snippet:-1, max-image-preview:large, max-video-preview:-1\" \/>\n<link rel=\"canonical\" href=\"https:\/\/www.programme-pepites.fr\/index.php\/communication\/\" \/>\n<meta property=\"og:locale\" content=\"fr_FR\" \/>\n<meta property=\"og:type\" content=\"article\" \/>\n<meta property=\"og:title\" content=\"Communication - P\u00c9PITES - Entrepreneurs de croissance\" \/>\n<meta property=\"og:url\" content=\"https:\/\/www.programme-pepites.fr\/index.php\/communication\/\" \/>\n<meta property=\"og:site_name\" content=\"P\u00c9PITES - Entrepreneurs de croissance\" \/>\n<meta property=\"article:publisher\" content=\"https:\/\/www.facebook.com\/CerclePepites\" \/>\n<meta property=\"article:modified_time\" content=\"2020-11-27T18:06:33+00:00\" \/>\n<meta property=\"og:image\" content=\"https:\/\/www.programme-pepites.fr\/wp-content\/uploads\/2016\/09\/Logo-Pepites-Quadri-label-300x300.png\" \/>\n<meta name=\"twitter:card\" content=\"summary\" \/>\n<meta name=\"twitter:creator\" content=\"@ProgrammePepite\" \/>\n<meta name=\"twitter:site\" content=\"@ProgrammePepite\" \/>\n<meta name=\"twitter:label1\" content=\"\u00c9crit par\">\n\t<meta name=\"twitter:data1\" content=\"admin4568\">\n\t<meta name=\"twitter:label2\" content=\"Dur\u00e9e de lecture est.\">\n\t<meta name=\"twitter:data2\" content=\"2 minutes\">\n<script type=\"application\/ld+json\" class=\"yoast-schema-graph\">{\"@context\":\"https:\/\/schema.org\",\"@graph\":[{\"@type\":\"WebSite\",\"@id\":\"https:\/\/www.programme-pepites.fr\/#website\",\"url\":\"https:\/\/www.programme-pepites.fr\/\",\"name\":\"P\\u00c9PITES - Entrepreneurs de croissance\",\"description\":\"Accompagnez votre hyper croissance !\",\"potentialAction\":[{\"@type\":\"SearchAction\",\"target\":\"https:\/\/www.programme-pepites.fr\/?s={search_term_string}\",\"query-input\":\"required name=search_term_string\"}],\"inLanguage\":\"fr-FR\"},{\"@type\":\"ImageObject\",\"@id\":\"https:\/\/www.programme-pepites.fr\/index.php\/communication\/#primaryimage\",\"inLanguage\":\"fr-FR\",\"url\":\"https:\/\/www.programme-pepites.fr\/wp-content\/uploads\/2016\/09\/Logo-Pepites-Quadri-label.png\",\"width\":472,\"height\":472},{\"@type\":\"WebPage\",\"@id\":\"https:\/\/www.programme-pepites.fr\/index.php\/communication\/#webpage\",\"url\":\"https:\/\/www.programme-pepites.fr\/index.php\/communication\/\",\"name\":\"Communication - P\\u00c9PITES - Entrepreneurs de croissance\",\"isPartOf\":{\"@id\":\"https:\/\/www.programme-pepites.fr\/#website\"},\"primaryImageOfPage\":{\"@id\":\"https:\/\/www.programme-pepites.fr\/index.php\/communication\/#primaryimage\"},\"datePublished\":\"2016-09-05T09:17:19+00:00\",\"dateModified\":\"2020-11-27T18:06:33+00:00\",\"inLanguage\":\"fr-FR\",\"potentialAction\":[{\"@type\":\"ReadAction\",\"target\":[\"https:\/\/www.programme-pepites.fr\/index.php\/communication\/\"]}]}]}<\/script>\n<!-- \/ Yoast SEO plugin. -->","_links":{"self":[{"href":"https:\/\/www.programme-pepites.fr\/index.php\/wp-json\/wp\/v2\/pages\/29"}],"collection":[{"href":"https:\/\/www.programme-pepites.fr\/index.php\/wp-json\/wp\/v2\/pages"}],"about":[{"href":"https:\/\/www.programme-pepites.fr\/index.php\/wp-json\/wp\/v2\/types\/page"}],"author":[{"embeddable":true,"href":"https:\/\/www.programme-pepites.fr\/index.php\/wp-json\/wp\/v2\/users\/1"}],"replies":[{"embeddable":true,"href":"https:\/\/www.programme-pepites.fr\/index.php\/wp-json\/wp\/v2\/comments?post=29"}],"version-history":[{"count":32,"href":"https:\/\/www.programme-pepites.fr\/index.php\/wp-json\/wp\/v2\/pages\/29\/revisions"}],"predecessor-version":[{"id":2389,"href":"https:\/\/www.programme-pepites.fr\/index.php\/wp-json\/wp\/v2\/pages\/29\/revisions\/2389"}],"wp:attachment":[{"href":"https:\/\/www.programme-pepites.fr\/index.php\/wp-json\/wp\/v2\/media?parent=29"}],"curies":[{"name":"wp","href":"https:\/\/api.w.org\/{rel}","templated":true}]}}