{"id":743,"date":"2016-09-15T11:14:43","date_gmt":"2016-09-15T10:14:43","guid":{"rendered":"http:\/\/www.programme-pepites.fr\/?page_id=743"},"modified":"2020-11-27T19:06:32","modified_gmt":"2020-11-27T18:06:32","slug":"elles-recrutent","status":"publish","type":"page","link":"https:\/\/www.programme-pepites.fr\/index.php\/elles-recrutent\/","title":{"rendered":"Elles recrutent"},"content":{"rendered":"<div class=\"fusion-fullwidth fullwidth-box fusion-builder-row-1 hundred-percent-fullwidth non-hundred-percent-height-scrolling\" style=\"background-color: rgba(255,255,255,0);background-position: center center;background-repeat: no-repeat;padding-top:0px;padding-right:0px;padding-bottom:0px;padding-left:0px;margin-bottom: 0px;margin-top: 0px;border-width: 0px 0px 0px 0px;border-color:#eae9e9;border-style:solid;\" ><div class=\"fusion-builder-row fusion-row\"><div class=\"fusion-layout-column fusion_builder_column fusion-builder-column-0 fusion_builder_column_1_1 1_1 fusion-one-full fusion-column-first fusion-column-last fusion-column-no-min-height\" style=\"margin-top:0px;margin-bottom:0px;\"><div class=\"fusion-column-wrapper fusion-flex-column-wrapper-legacy\" style=\"background-position:left top;background-repeat:no-repeat;-webkit-background-size:cover;-moz-background-size:cover;-o-background-size:cover;background-size:cover;padding: 0px 0px 0px 0px;\"><div class=\"fusion-text fusion-text-1\"><h1><span style=\"color: #ff0000;\">Elles recrutent<\/span><\/h1>\n<\/div><div class=\"fusion-clearfix\"><\/div><\/div><\/div><div class=\"fusion-layout-column fusion_builder_column fusion-builder-column-1 fusion_builder_column_1_1 1_1 fusion-one-full fusion-column-first fusion-column-last fusion-column-no-min-height\" style=\"margin-top:0px;margin-bottom:0px;\"><div class=\"fusion-column-wrapper fusion-flex-column-wrapper-legacy\" style=\"background-position:left top;background-repeat:no-repeat;-webkit-background-size:cover;-moz-background-size:cover;-o-background-size:cover;background-size:cover;padding: 0px 0px 0px 0px;\"><div class=\"fusion-blog-shortcode fusion-blog-shortcode-1 fusion-blog-archive fusion-blog-layout-medium-alternate fusion-blog-pagination\"><div class=\"fusion-posts-container fusion-posts-container-pagination fusion-no-meta-info fusion-blog-rollover\" data-pages=\"4\"><article id=\"blog-1-post-1491\" class=\"fusion-post-medium-alternate post-1491 post type-post status-publish format-standard hentry category-emploi category-reputation-vip\">\n<div class=\"fusion-date-and-formats\"><div class=\"fusion-date-box updated\"><span class=\"fusion-date\">30<\/span><span class=\"fusion-month-year\">04, 2019<\/span><\/div><div class=\"fusion-format-box\"><i class=\"fusion-icon-pen\" aria-hidden=\"true\"><\/i><\/div><\/div>\t<style type=\"text\/css\">\n\t\t\n\t\t\n\t\t\n\t\t\n\t\t\t<\/style>\n\n\n<div class=\"fusion-post-content post-content\"><h2 class=\"blog-shortcode-post-title entry-title\"><a href=\"https:\/\/www.programme-pepites.fr\/index.php\/2019\/04\/30\/reputation-vip-recrute-un-responsable-seo\/\">REPUTATION VIP recrute un Responsable SEO<\/a><\/h2><div class=\"fusion-post-content-container\"><p><\/p><p> <a href=\"https:\/\/www.programme-pepites.fr\/index.php\/2019\/04\/30\/reputation-vip-recrute-un-responsable-seo\/\">[\u2026]<\/a><\/p>\n<\/div><\/div><div class=\"fusion-clearfix\"><\/div><\/article>\n<article id=\"blog-1-post-1495\" class=\"fusion-post-medium-alternate post-1495 post type-post status-publish format-standard hentry category-emploi category-reputation-vip\">\n<div class=\"fusion-date-and-formats\"><div class=\"fusion-date-box updated\"><span class=\"fusion-date\">30<\/span><span class=\"fusion-month-year\">04, 2019<\/span><\/div><div class=\"fusion-format-box\"><i class=\"fusion-icon-pen\" aria-hidden=\"true\"><\/i><\/div><\/div>\t<style type=\"text\/css\">\n\t\t\n\t\t\n\t\t\n\t\t\n\t\t\t<\/style>\n\n\n<div class=\"fusion-post-content post-content\"><h2 class=\"blog-shortcode-post-title entry-title\"><a href=\"https:\/\/www.programme-pepites.fr\/index.php\/2019\/04\/30\/reputation-vip-recrute-un-business-developer\/\">REPUTATION VIP recrute un Business Developer<\/a><\/h2><div class=\"fusion-post-content-container\"><p><\/p><p> <a href=\"https:\/\/www.programme-pepites.fr\/index.php\/2019\/04\/30\/reputation-vip-recrute-un-business-developer\/\">[\u2026]<\/a><\/p>\n<\/div><\/div><div class=\"fusion-clearfix\"><\/div><\/article>\n<article id=\"blog-1-post-1573\" class=\"fusion-post-medium-alternate post-1573 post type-post status-publish format-standard hentry category-emploi category-icm-group\">\n<div class=\"fusion-date-and-formats\"><div class=\"fusion-date-box updated\"><span class=\"fusion-date\">25<\/span><span class=\"fusion-month-year\">07, 2017<\/span><\/div><div class=\"fusion-format-box\"><i class=\"fusion-icon-pen\" aria-hidden=\"true\"><\/i><\/div><\/div>\t<style type=\"text\/css\">\n\t\t\n\t\t\n\t\t\n\t\t\n\t\t\t<\/style>\n\n\n<div class=\"fusion-post-content post-content\"><h2 class=\"blog-shortcode-post-title entry-title\"><a href=\"https:\/\/www.programme-pepites.fr\/index.php\/2017\/07\/25\/icm-industrie-recrute-un-responsable-achat-en-cdi\/\">ICM INDUSTRIE RECRUTE UN RESPONSABLE ACHAT EN CDI<\/a><\/h2><div class=\"fusion-post-content-container\"><p><\/p><p>   <a href=\"https:\/\/www.programme-pepites.fr\/index.php\/2017\/07\/25\/icm-industrie-recrute-un-responsable-achat-en-cdi\/\">[\u2026]<\/a><\/p>\n<\/div><\/div><div class=\"fusion-clearfix\"><\/div><\/article>\n<article id=\"blog-1-post-1469\" class=\"fusion-post-medium-alternate post-1469 post type-post status-publish format-standard hentry category-emploi category-icm-group\">\n<div class=\"fusion-date-and-formats\"><div class=\"fusion-date-box updated\"><span class=\"fusion-date\">13<\/span><span class=\"fusion-month-year\">04, 2017<\/span><\/div><div class=\"fusion-format-box\"><i class=\"fusion-icon-pen\" aria-hidden=\"true\"><\/i><\/div><\/div>\t<style type=\"text\/css\">\n\t\t\n\t\t\n\t\t\n\t\t\n\t\t\t<\/style>\n\n\n<div class=\"fusion-post-content post-content\"><h2 class=\"blog-shortcode-post-title entry-title\"><a href=\"https:\/\/www.programme-pepites.fr\/index.php\/2017\/04\/13\/icm-industrie-recrute-technico-commercial-itinerant-pieces-usinees-hf-cdi\/\">ICM INDUSTRIE RECRUTE UN TECHNICO-COMMERCIAL ITIN\u00c9RANT PI\u00c8CES USIN\u00c9ES H\/F EN CDI<\/a><\/h2><div class=\"fusion-post-content-container\"><p><\/p><p> <a href=\"https:\/\/www.programme-pepites.fr\/index.php\/2017\/04\/13\/icm-industrie-recrute-technico-commercial-itinerant-pieces-usinees-hf-cdi\/\">[\u2026]<\/a><\/p>\n<\/div><\/div><div class=\"fusion-clearfix\"><\/div><\/article>\n<article id=\"blog-1-post-1452\" class=\"fusion-post-medium-alternate post-1452 post type-post status-publish format-standard has-post-thumbnail hentry category-diatex category-emploi\">\n<div class=\"fusion-date-and-formats\"><div class=\"fusion-date-box updated\"><span class=\"fusion-date\">10<\/span><span class=\"fusion-month-year\">04, 2017<\/span><\/div><div class=\"fusion-format-box\"><i class=\"fusion-icon-pen\" aria-hidden=\"true\"><\/i><\/div><\/div>\t<style type=\"text\/css\">\n\t\t\t\t\t#blog-1-post-1452 .fusion-post-slideshow {\n\t\t\t\tmax-width: 50% !important;\n\t\t\t}\n\t\t\n\t\t\n\t\t\n\t\t\n\t\t\t<\/style>\n\n\n\t\t\t<div class=\"fusion-flexslider flexslider fusion-flexslider-loading fusion-post-slideshow\" style=\"\">\n\t\t<ul class=\"slides\">\n\t\t\t\n\t\t\t\t\t\t\t\t\t\t\t\t\t\t<li>\n\n<div  class=\"fusion-image-wrapper fusion-image-size-fixed\" aria-haspopup=\"true\">\n\t\n\t\n\t\t\n\t\t\t\t\t<img width=\"200\" height=\"102\" src=\"https:\/\/www.programme-pepites.fr\/wp-content\/uploads\/2017\/03\/Logotype-HD-2.jpg\" class=\"attachment-blog-medium size-blog-medium wp-post-image\" alt=\"\" \/>\n\t\n\n\t\t<div class=\"fusion-rollover\">\n\t<div class=\"fusion-rollover-content\">\n\n\t\t\t\t\t\t\t\t\t\t\t\t\t\t<a class=\"fusion-rollover-link\" href=\"https:\/\/www.programme-pepites.fr\/index.php\/2017\/04\/10\/diatex-technico-commerciale-france-cdi\/\">DIATEX recrute<\/a>\n\t\t\t\n\t\t\t\t\t\t\t\t\t\t\t\t\t\t\n\t\t\t\t\t\t\t\t\n\t\t\t\t\t\t\t\t\t\t\t\t\t<div class=\"fusion-rollover-sep\"><\/div>\n\t\t\t\t\n\t\t\t\t\t\t\t\t\t\t\t\t\t\t\t\t\t\t<a class=\"fusion-rollover-gallery\" href=\"https:\/\/www.programme-pepites.fr\/wp-content\/uploads\/2017\/03\/Logotype-HD-2.jpg\" data-id=\"1452\" data-rel=\"iLightbox[gallery]\" data-title=\"Logo DIATEX\" data-caption=\"\">\n\t\t\t\t\t\tGalerie\t\t\t\t\t<\/a>\n\t\t\t\t\t\t\t\t\t\t\t\t\t\t\n\t\t\t\t\n\t\t\t\t\t\t\t\t\t\t\t\t<h4 class=\"fusion-rollover-title\">\n\t\t\t\t\t<a class=\"fusion-rollover-title-link\" href=\"https:\/\/www.programme-pepites.fr\/index.php\/2017\/04\/10\/diatex-technico-commerciale-france-cdi\/\">\n\t\t\t\t\t\tDIATEX recrute\t\t\t\t\t<\/a>\n\t\t\t\t<\/h4>\n\t\t\t\n\t\t\t\t\t\t\t\t\t\t\t\t\t\t<div class=\"fusion-rollover-categories\"><a href=\"https:\/\/www.programme-pepites.fr\/index.php\/category\/emploi\/diatex\/\" rel=\"tag\">DIATEX<\/a>, <a href=\"https:\/\/www.programme-pepites.fr\/index.php\/category\/emploi\/\" rel=\"tag\">Emploi<\/a><\/div>\t\t\t\t\t\n\t\t\n\t\t\t\t<a class=\"fusion-link-wrapper\" href=\"https:\/\/www.programme-pepites.fr\/index.php\/2017\/04\/10\/diatex-technico-commerciale-france-cdi\/\" aria-label=\"DIATEX recrute\"><\/a>\n\t<\/div>\n<\/div>\n\n\t\n<\/div>\n<\/li>\n\t\t\t\n\t\t\t\n\t\t\t\t\t\t\t\t\t\t\t\t\t\t\t\t\t\t\t\t\t\t\t\t\t\t\t\t\t\t\t\t\t\t\t\t\t\t\t\t\t\t\t\t\t\t\t\t\t\t\t\t\t\t\t\t\t\t\t\t\t\t\t\t\t\t\t\t<\/ul>\n\t<\/div>\n\t<div class=\"fusion-post-content post-content\"><h2 class=\"blog-shortcode-post-title entry-title\"><a href=\"https:\/\/www.programme-pepites.fr\/index.php\/2017\/04\/10\/diatex-technico-commerciale-france-cdi\/\">DIATEX recrute<\/a><\/h2><div class=\"fusion-post-content-container\"><p>Technico-Commercial(e) France (CDI) Entreprise DIATEX SAS, soci\u00e9t\u00e9 en pleine expansion sp\u00e9cialis\u00e9e dans la fabrication de tissus techniques, situ\u00e9e sur des niches de march\u00e9s dans son secteur, recherche un(e) technico-commercial(e) France pour sa division composite. DIATEX <a href=\"https:\/\/www.programme-pepites.fr\/index.php\/2017\/04\/10\/diatex-technico-commerciale-france-cdi\/\">[...]<\/a><\/p><\/div><\/div><div class=\"fusion-clearfix\"><\/div><\/article>\n<\/div><div class=\"pagination clearfix\"><span class=\"current\">1<\/span><a href=\"https:\/\/www.programme-pepites.fr\/index.php\/wp-json\/wp\/v2\/pages\/743\/page\/2\/\" class=\"inactive\">2<\/a><a class=\"pagination-next\" rel=\"next\" href=\"https:\/\/www.programme-pepites.fr\/index.php\/wp-json\/wp\/v2\/pages\/743\/page\/2\/\"><span class=\"page-text\">Suivant<\/span><span class=\"page-next\"><\/span><\/a><\/div><div class=\"fusion-clearfix\"><\/div><\/div><div class=\"fusion-clearfix\"><\/div><\/div><\/div><\/div><style type=\"text\/css\">.fusion-fullwidth.fusion-builder-row-1 { overflow:visible; }<\/style><\/div>\n","protected":false},"excerpt":{"rendered":"","protected":false},"author":1,"featured_media":0,"parent":0,"menu_order":0,"comment_status":"closed","ping_status":"closed","template":"","meta":[],"yoast_head":"<!-- This site is optimized with the Yoast SEO plugin v15.4 - https:\/\/yoast.com\/wordpress\/plugins\/seo\/ -->\n<title>Elles recrutent - P\u00c9PITES - Entrepreneurs de croissance<\/title>\n<meta name=\"robots\" content=\"index, follow, max-snippet:-1, max-image-preview:large, max-video-preview:-1\" \/>\n<link rel=\"canonical\" href=\"https:\/\/www.programme-pepites.fr\/index.php\/elles-recrutent\/\" \/>\n<meta property=\"og:locale\" content=\"fr_FR\" \/>\n<meta property=\"og:type\" content=\"article\" \/>\n<meta property=\"og:title\" content=\"Elles recrutent - P\u00c9PITES - Entrepreneurs de croissance\" \/>\n<meta property=\"og:url\" content=\"https:\/\/www.programme-pepites.fr\/index.php\/elles-recrutent\/\" \/>\n<meta property=\"og:site_name\" content=\"P\u00c9PITES - Entrepreneurs de croissance\" \/>\n<meta property=\"article:publisher\" content=\"https:\/\/www.facebook.com\/CerclePepites\" \/>\n<meta property=\"article:modified_time\" content=\"2020-11-27T18:06:32+00:00\" \/>\n<meta name=\"twitter:card\" content=\"summary\" \/>\n<meta name=\"twitter:creator\" content=\"@ProgrammePepite\" \/>\n<meta name=\"twitter:site\" content=\"@ProgrammePepite\" \/>\n<meta name=\"twitter:label1\" content=\"\u00c9crit par\">\n\t<meta name=\"twitter:data1\" content=\"admin4568\">\n\t<meta name=\"twitter:label2\" content=\"Dur\u00e9e de lecture est.\">\n\t<meta name=\"twitter:data2\" content=\"1 minute\">\n<script type=\"application\/ld+json\" class=\"yoast-schema-graph\">{\"@context\":\"https:\/\/schema.org\",\"@graph\":[{\"@type\":\"WebSite\",\"@id\":\"https:\/\/www.programme-pepites.fr\/#website\",\"url\":\"https:\/\/www.programme-pepites.fr\/\",\"name\":\"P\\u00c9PITES - Entrepreneurs de croissance\",\"description\":\"Accompagnez votre hyper croissance !\",\"potentialAction\":[{\"@type\":\"SearchAction\",\"target\":\"https:\/\/www.programme-pepites.fr\/?s={search_term_string}\",\"query-input\":\"required name=search_term_string\"}],\"inLanguage\":\"fr-FR\"},{\"@type\":\"WebPage\",\"@id\":\"https:\/\/www.programme-pepites.fr\/index.php\/elles-recrutent\/#webpage\",\"url\":\"https:\/\/www.programme-pepites.fr\/index.php\/elles-recrutent\/\",\"name\":\"Elles recrutent - P\\u00c9PITES - Entrepreneurs de croissance\",\"isPartOf\":{\"@id\":\"https:\/\/www.programme-pepites.fr\/#website\"},\"datePublished\":\"2016-09-15T10:14:43+00:00\",\"dateModified\":\"2020-11-27T18:06:32+00:00\",\"inLanguage\":\"fr-FR\",\"potentialAction\":[{\"@type\":\"ReadAction\",\"target\":[\"https:\/\/www.programme-pepites.fr\/index.php\/elles-recrutent\/\"]}]}]}<\/script>\n<!-- \/ Yoast SEO plugin. -->","_links":{"self":[{"href":"https:\/\/www.programme-pepites.fr\/index.php\/wp-json\/wp\/v2\/pages\/743"}],"collection":[{"href":"https:\/\/www.programme-pepites.fr\/index.php\/wp-json\/wp\/v2\/pages"}],"about":[{"href":"https:\/\/www.programme-pepites.fr\/index.php\/wp-json\/wp\/v2\/types\/page"}],"author":[{"embeddable":true,"href":"https:\/\/www.programme-pepites.fr\/index.php\/wp-json\/wp\/v2\/users\/1"}],"replies":[{"embeddable":true,"href":"https:\/\/www.programme-pepites.fr\/index.php\/wp-json\/wp\/v2\/comments?post=743"}],"version-history":[{"count":4,"href":"https:\/\/www.programme-pepites.fr\/index.php\/wp-json\/wp\/v2\/pages\/743\/revisions"}],"predecessor-version":[{"id":2661,"href":"https:\/\/www.programme-pepites.fr\/index.php\/wp-json\/wp\/v2\/pages\/743\/revisions\/2661"}],"wp:attachment":[{"href":"https:\/\/www.programme-pepites.fr\/index.php\/wp-json\/wp\/v2\/media?parent=743"}],"curies":[{"name":"wp","href":"https:\/\/api.w.org\/{rel}","templated":true}]}}